
{"id":30,"date":"2018-01-20T12:00:10","date_gmt":"2018-01-20T10:00:10","guid":{"rendered":"https:\/\/www.obsidofamilyoffice.com\/etusivu\/"},"modified":"2023-05-04T13:24:56","modified_gmt":"2023-05-04T10:24:56","slug":"etusivu","status":"publish","type":"page","link":"https:\/\/www.obsidofamilyoffice.com\/sv\/","title":{"rendered":"Etusivu"},"content":{"rendered":"<h1>Obsido Family Office<\/h1>\n<p>Som kund hos Obsido f\u00e5r du tillg\u00e5ng till olika Family Office -tj\u00e4nster, exempelvis skatter\u00e5dgivning och familjejuridik. Obsido tillhandah\u00e5ller ett brett urval av individuellt anpassade tj\u00e4nster f\u00f6r yrkesidrottare. Vid flytt samt bos\u00e4ttning utomlands erbjuder vi en skr\u00e4ddarsydd l\u00f6sning av v\u00e5ra Family Office -tj\u00e4nster, unikt f\u00f6r just dig.<\/p>\n<p>V\u00e4lkommen att kontakta oss f\u00f6r ytterligare information.<\/p>\n","protected":false},"excerpt":{"rendered":"<p>Obsido Family Office Som kund hos Obsido f\u00e5r du tillg\u00e5ng till olika Family Office -tj\u00e4nster, exempelvis skatter\u00e5dgivning och familjejuridik. Obsido tillhandah\u00e5ller ett brett urval av individuellt anpassade tj\u00e4nster f\u00f6r yrkesidrottare. Vid flytt samt bos\u00e4ttning utomlands erbjuder vi en skr\u00e4ddarsydd l\u00f6sning av v\u00e5ra Family Office -tj\u00e4nster, unikt f\u00f6r just dig. V\u00e4lkommen att kontakta oss f\u00f6r ytterligare&#8230;<\/p>\n","protected":false},"author":1,"featured_media":62,"parent":0,"menu_order":0,"comment_status":"closed","ping_status":"closed","template":"page-etusivu.php","meta":{"footnotes":""},"class_list":["post-30","page","type-page","status-publish","has-post-thumbnail","hentry"],"_links":{"self":[{"href":"https:\/\/www.obsidofamilyoffice.com\/sv\/wp-json\/wp\/v2\/pages\/30\/"}],"collection":[{"href":"https:\/\/www.obsidofamilyoffice.com\/sv\/wp-json\/wp\/v2\/pages\/"}],"about":[{"href":"https:\/\/www.obsidofamilyoffice.com\/sv\/wp-json\/wp\/v2\/types\/page\/"}],"author":[{"embeddable":true,"href":"https:\/\/www.obsidofamilyoffice.com\/sv\/wp-json\/wp\/v2\/users\/1\/"}],"replies":[{"embeddable":true,"href":"https:\/\/www.obsidofamilyoffice.com\/sv\/wp-json\/wp\/v2\/comments\/?post=30"}],"version-history":[{"count":2,"href":"https:\/\/www.obsidofamilyoffice.com\/sv\/wp-json\/wp\/v2\/pages\/30\/revisions\/"}],"predecessor-version":[{"id":205,"href":"https:\/\/www.obsidofamilyoffice.com\/sv\/wp-json\/wp\/v2\/pages\/30\/revisions\/205\/"}],"wp:featuredmedia":[{"embeddable":true,"href":"https:\/\/www.obsidofamilyoffice.com\/sv\/wp-json\/wp\/v2\/media\/62\/"}],"wp:attachment":[{"href":"https:\/\/www.obsidofamilyoffice.com\/sv\/wp-json\/wp\/v2\/media\/?parent=30"}],"curies":[{"name":"wp","href":"https:\/\/api.w.org\/{rel}","templated":true}]}}